{"id":2349,"date":"2019-07-23T14:24:30","date_gmt":"2019-07-23T12:24:30","guid":{"rendered":"https:\/\/www.rapidluzern.ch\/index.php\/racketlon-2\/"},"modified":"2024-11-03T09:23:16","modified_gmt":"2024-11-03T08:23:16","slug":"praevention","status":"publish","type":"page","link":"https:\/\/www.rapidluzern.ch\/index.php\/praevention\/","title":{"rendered":"Ethik, Pr\u00e4vention und Integration"},"content":{"rendered":"<h1>Ethik, Pr\u00e4vention und Integration bei Rapid Luzern<\/h1>\n<h1>Ethik<\/h1>\n<div>\n<p><img decoding=\"async\" style=\"width: 500px; float: right; padding: 0px;\" src=\"\/wp-content\/uploads\/2024\/08\/Cool-und-Clean.jpg\" \/><\/p>\n<p>Der TTC Rapid Luzern h\u00e4lt sich an die <a href=\"https:\/\/www.swissolympic.ch\/dam\/jcr:836de380-4bdf-44be-b536-6132637f1235\/2015_Ethik_Charta_A4_fbg_DE.pdf\" target=\"_blank\" rel=\"noopener\">Ethik-Charta von Swiss Olympic<\/a> und hat diese auch in den Statuten verankert. Die Ethik-Charta besteht aus neun Prinzipien, die eine Verpflichtung f\u00fcr alle sind \u2013 gemeinsam f\u00fcr einen gesunden, respektvollen und fairen Sport!<\/p>\n<\/div>\n<h1>Pr\u00e4vention<\/h1>\n<div>\n<p>Der TTC Rapid Luzern setzt sich aktiv f\u00fcr die Einhaltung f\u00fcr Fairplay und die Pr\u00e4vention von Gewalt, Sucht und sexuellen \u00dcbergriffen ein.<\/p>\n<p><img decoding=\"async\" style=\"width: 500px; float: right; padding: 0px;\" src=\"\/wp-content\/uploads\/2024\/08\/Workshop.jpg\" \/><\/p>\n<p>Der Verein duldet keine Form von Gewalt, keine Verst\u00f6sse gegen das Fairplay-Gebot, weder sexuelle \u00dcbergriffe, Intoleranz oder Mobbing (Null-Toleranz). Ein Verdacht kann jederzeit und vertraulich der <a href=\"https:\/\/www.rapidluzern.ch\/index.php\/verein\/funktionaere\/\">verantwortlichen Person<\/a> oder einem Mitglied des Vertrauens aus dem Vorstand gemeldet werden. Bei Verletzung der Vorgaben finden Gespr\u00e4che mit den Verantwortlichen statt. Wiederholte Nichteinhaltung der Abmachungen kann zum Ausschluss aus dem Verein f\u00fchren.<\/p>\n<p>Bei Gelegenheit f\u00fchrt der Verein f\u00fcr seine Mitglieder und Eltern immer wieder Workshops durch, zuletzt zu den Themen &#8222;Mobbing&#8220; und &#8222;Handy Sucht&#8220;. In den Trainings und club-internen Lehrg\u00e4ngen ist immer auch <a href=\"https:\/\/www.coolandclean.ch\/\" target=\"_blank\" rel=\"noopener\">&#8222;Cool&amp;Clean&#8220;<\/a> ein Programmpunkt!<\/p>\n<\/div>\n<h1>Integration<\/h1>\n<div>\n<p><img decoding=\"async\" style=\"width: 445px; float: right; padding: 0px;\" src=\"\/wp-content\/uploads\/2024\/08\/Parkinson-Gruppe.jpg\" \/><\/p>\n<p><img decoding=\"async\" style=\"width: 250px; float: right; padding: 0px;\" src=\"\/wp-content\/uploads\/2024\/08\/Down-Syndrom.jpeg\" \/><\/p>\n<p>Der TTC Rapid Luzern setzt sich f\u00fcr die Gleichstellung und Inklusion aller Mitglieder ein. Das bedeutet Gleichbehandlung f\u00fcr alle. Nationalit\u00e4t, Alter, Geschlecht, sexuelle Orientierung, soziale Herkunft, religi\u00f6se oder politische Ausrichtung, geistige oder k\u00f6rperliche Beeintr\u00e4chtigung auch durch Krankheiten wie Parkinson f\u00fchren nicht zu Benachteiligung. Alle sind im Verein und in den Trainings willkommen!<\/p>\n<\/div>\n<div>\n<div class=\"para\" style=\"background-image: url('\/wp-content\/uploads\/2022\/01\/BG-Fabienne.jpg'); background-repeat: no-repeat; width: 100%; height: 400px; background-attachment: fixed; background-position: center;\" uk-parallax=\"bgy: 50\"><\/div>\n<\/div>\n<ul>\n<li>\n<p>        <a href=\"http:\/\/www.andro.de\"><\/p>\n<p>        <img decoding=\"async\" src=\"wp-content\/uploads\/2022\/01\/Andro-Werbeplatte-scaled-e1641055419524.jpg\" alt=\"\"><\/p>\n<p><\/a><\/p>\n<\/li>\n<li>\n<p>        <a href=\"http:\/\/www.arnettreuhand.ch\/\"><\/p>\n<p>        <img decoding=\"async\" src=\"wp-content\/uploads\/2022\/01\/Arnet-Werbeplatte-scaled-e1641055605495.jpg\" alt=\"\"><\/p>\n<p><\/a><\/p>\n<\/li>\n<li>\n<p>        <a href=\"https:\/\/brauerei.lu\/\"><\/p>\n<p>        <img decoding=\"async\" src=\"wp-content\/uploads\/2024\/11\/Luzerner-Bier-Werbeplatte-scaled-e1730557125366.jpg\" alt=\"\"><\/p>\n<p><\/a><\/p>\n<\/li>\n<li>\n<p>        <a href=\"http:\/\/www.substring.ch\/\"><\/p>\n<p>        <img decoding=\"async\" src=\"wp-content\/uploads\/2022\/01\/Substring-Werbeplatte-e1641060060489.jpg\" alt=\"\"><\/p>\n<p><\/a><\/p>\n<\/li>\n<li>\n<p>        <a href=\"http:\/\/www.klickwerkstatt.ch\/\"><\/p>\n<p>        <img decoding=\"async\" src=\"wp-content\/uploads\/2022\/01\/Klickwerkstatt-Werbeplatte-e1641060013998.jpg\" alt=\"\"><\/p>\n<p><\/a><\/p>\n<\/li>\n<li>\n<p>        <a href=\"https:\/\/www.yoursmile.ch\/\"><\/p>\n<p>        <img decoding=\"async\" src=\"wp-content\/uploads\/2022\/01\/YourSmile-Werbeplatte-e1641060075618.png\" alt=\"\"><\/p>\n<p><\/a><\/p>\n<\/li>\n<li>\n<p>        <img decoding=\"async\" src=\"wp-content\/uploads\/2022\/01\/Zingg-Werbeplatte-e1641060088312.jpg\" alt=\"\"><\/p>\n<\/li>\n<li>\n<p>        <a href=\"https:\/\/www.hirslanden.ch\/de\/klinik-st--anna\/home.html\"><\/p>\n<p>        <img decoding=\"async\" src=\"wp-content\/uploads\/2022\/01\/Hirslanden-Werbeplatte-scaled-e1641057195352.jpg\" alt=\"\"><\/p>\n<p><\/a><\/p>\n<\/li>\n<li>\n<p>        <a href=\"http:\/\/www.jugendundsport.ch\/\"><\/p>\n<p>        <img decoding=\"async\" src=\"wp-content\/uploads\/2022\/01\/Jugend-und-Sport-scaled-e1641059987140.jpg\" alt=\"\"><\/p>\n<p><\/a><\/p>\n<\/li>\n<li>\n<p>        <a href=\"https:\/\/www.stadtluzern.ch\/dienstleistungeninformation\/92\"><\/p>\n<p>        <img decoding=\"async\" src=\"wp-content\/uploads\/2022\/01\/Stadt-Luzern-KUS-e1641060044675.png\" alt=\"\"><\/p>\n<p><\/a><\/p>\n<\/li>\n<li>\n<p>        <a href=\"http:\/\/sport.lu.ch\/swisslos\"><\/p>\n<p>        <img decoding=\"async\" src=\"wp-content\/uploads\/2022\/01\/Sportfonds-Werbeplatte-e1641060029394.jpg\" alt=\"\"><\/p>\n<p><\/a><\/p>\n<\/li>\n<\/ul>\n<p><!-- {\"type\":\"layout\",\"children\":[{\"type\":\"section\",\"props\":{\"style\":\"default\",\"width\":\"default\",\"vertical_align\":\"middle\",\"title_position\":\"top-left\",\"title_rotation\":\"left\",\"title_breakpoint\":\"xl\",\"image_position\":\"center-center\",\"text_color\":\"\",\"width_expand\":\"\",\"height\":\"\",\"padding\":\"\",\"header_transparent\":\"\",\"animation\":\"\",\"padding_remove_top\":true},\"children\":[{\"type\":\"row\",\"props\":{\"layout\":\"1-1\",\"breakpoint\":\"m\",\"fixed_width\":\"large\",\"gutter\":\"\",\"width\":\"\",\"width_expand\":\"\",\"height\":\"\",\"margin\":\"\"},\"children\":[{\"type\":\"column\",\"props\":{\"widths\":[\"1-1\"],\"image_position\":\"center-center\",\"media_overlay_gradient\":\"\",\"vertical_align\":\"\",\"style\":\"\",\"text_color\":\"\",\"padding\":\"\"},\"children\":[{\"type\":\"wordpress_widget\",\"props\":{\"widget\":\"breadcrumbs-2\",\"style\":\"\",\"title_style\":\"\",\"title_decoration\":\"\",\"title_font_family\":\"\",\"title_color\":\"\",\"list_style\":\"\",\"link_style\":\"\",\"menu_style\":\"nav\",\"position\":\"\",\"position_z_index\":\"\",\"margin\":\"\",\"maxwidth\":\"\",\"maxwidth_breakpoint\":\"\",\"block_align\":\"\",\"block_align_breakpoint\":\"\",\"block_align_fallback\":\"\",\"text_align\":\"\",\"text_align_breakpoint\":\"\",\"text_align_fallback\":\"\",\"animation\":\"\",\"visibility\":\"\",\"type\":\"breadcrumbs\"},\"name\":\"Breadcrumbs\"}]}]}]},{\"type\":\"section\",\"props\":{\"style\":\"default\",\"width\":\"default\",\"vertical_align\":\"middle\",\"title_position\":\"top-left\",\"title_rotation\":\"left\",\"title_breakpoint\":\"xl\",\"image_position\":\"center-center\",\"text_color\":\"\",\"width_expand\":\"\",\"height\":\"\",\"padding\":\"\",\"header_transparent\":\"\",\"animation\":\"\",\"padding_remove_top\":true},\"children\":[{\"type\":\"row\",\"props\":{\"layout\":\"1-1\",\"breakpoint\":\"m\",\"fixed_width\":\"large\",\"gutter\":\"\",\"width\":\"\",\"width_expand\":\"\",\"height\":\"\",\"margin\":\"\"},\"children\":[{\"type\":\"column\",\"props\":{\"widths\":[\"1-1\"],\"image_position\":\"center-center\",\"media_overlay_gradient\":\"\",\"vertical_align\":\"\",\"style\":\"\",\"text_color\":\"\",\"padding\":\"\"},\"children\":[{\"type\":\"headline\",\"props\":{\"title_element\":\"h1\",\"title_style\":\"h1\",\"title_decoration\":\"\",\"title_font_family\":\"secondary\",\"title_color\":\"\",\"position\":\"\",\"position_z_index\":\"\",\"margin\":\"\",\"maxwidth\":\"\",\"maxwidth_breakpoint\":\"\",\"block_align\":\"\",\"block_align_breakpoint\":\"\",\"block_align_fallback\":\"\",\"text_align\":\"\",\"text_align_breakpoint\":\"\",\"text_align_fallback\":\"\",\"animation\":\"\",\"visibility\":\"\",\"content\":\"Ethik, Pr\\u00e4vention und Integration bei Rapid Luzern\"}},{\"type\":\"headline\",\"props\":{\"title_element\":\"h1\",\"title_style\":\"h2\",\"title_decoration\":\"\",\"title_font_family\":\"secondary\",\"title_color\":\"\",\"position\":\"\",\"position_z_index\":\"\",\"margin\":\"\",\"maxwidth\":\"\",\"maxwidth_breakpoint\":\"\",\"block_align\":\"\",\"block_align_breakpoint\":\"\",\"block_align_fallback\":\"\",\"text_align\":\"\",\"text_align_breakpoint\":\"\",\"text_align_fallback\":\"\",\"animation\":\"\",\"visibility\":\"\",\"content\":\"Ethik\"}},{\"type\":\"text\",\"props\":{\"margin\":\"default\",\"column_breakpoint\":\"m\",\"text_style\":\"\",\"text_color\":\"\",\"text_size\":\"\",\"column\":\"\",\"position\":\"\",\"position_z_index\":\"\",\"maxwidth\":\"\",\"maxwidth_breakpoint\":\"\",\"block_align\":\"\",\"block_align_breakpoint\":\"\",\"block_align_fallback\":\"\",\"text_align\":\"\",\"text_align_breakpoint\":\"\",\"text_align_fallback\":\"\",\"animation\":\"\",\"visibility\":\"\",\"content\":\"\n\n<p><img style=\\\"width: 500px; float: right; padding: 0px;\\\" src=\\\"\\\/wp-content\\\/uploads\\\/2024\\\/08\\\/Cool-und-Clean.jpg\\\" \\\/><\\\/p>\\n\n\n<p>Der TTC Rapid Luzern h\\u00e4lt sich an die <a href=\\\"https:\\\/\\\/www.swissolympic.ch\\\/dam\\\/jcr:836de380-4bdf-44be-b536-6132637f1235\\\/2015_Ethik_Charta_A4_fbg_DE.pdf\\\" target=\\\"_blank\\\" rel=\\\"noopener\\\">Ethik-Charta von Swiss Olympic<\\\/a> und hat diese auch in den Statuten verankert. Die Ethik-Charta besteht aus neun Prinzipien, die eine Verpflichtung f\\u00fcr alle sind \\u2013 gemeinsam f\\u00fcr einen gesunden, respektvollen und fairen Sport!<\\\/p>\"}},{\"type\":\"headline\",\"props\":{\"title_element\":\"h1\",\"title_style\":\"h2\",\"title_decoration\":\"\",\"title_font_family\":\"secondary\",\"title_color\":\"\",\"position\":\"\",\"position_z_index\":\"\",\"margin\":\"\",\"maxwidth\":\"\",\"maxwidth_breakpoint\":\"\",\"block_align\":\"\",\"block_align_breakpoint\":\"\",\"block_align_fallback\":\"\",\"text_align\":\"\",\"text_align_breakpoint\":\"\",\"text_align_fallback\":\"\",\"animation\":\"\",\"visibility\":\"\",\"content\":\"Pr\\u00e4vention\"}},{\"type\":\"text\",\"props\":{\"margin\":\"default\",\"column_breakpoint\":\"m\",\"text_style\":\"\",\"text_color\":\"\",\"text_size\":\"\",\"column\":\"\",\"position\":\"\",\"position_z_index\":\"\",\"maxwidth\":\"\",\"maxwidth_breakpoint\":\"\",\"block_align\":\"\",\"block_align_breakpoint\":\"\",\"block_align_fallback\":\"\",\"text_align\":\"\",\"text_align_breakpoint\":\"\",\"text_align_fallback\":\"\",\"animation\":\"\",\"visibility\":\"\",\"content\":\"\n\n<p>Der TTC Rapid Luzern setzt sich aktiv f\\u00fcr die Einhaltung f\\u00fcr Fairplay und die Pr\\u00e4vention von Gewalt, Sucht und sexuellen \\u00dcbergriffen ein.<\\\/p>\\n\n\n<p><img style=\\\"width: 500px; float: right; padding: 0px;\\\" src=\\\"\\\/wp-content\\\/uploads\\\/2024\\\/08\\\/Workshop.jpg\\\" \\\/><\\\/p>\\n\n\n<p>Der Verein duldet keine Form von Gewalt, keine Verst\\u00f6sse gegen das Fairplay-Gebot, weder sexuelle \\u00dcbergriffe, Intoleranz oder Mobbing (Null-Toleranz). Ein Verdacht kann jederzeit und vertraulich der <a href=\\\"https:\\\/\\\/www.rapidluzern.ch\\\/index.php\\\/verein\\\/funktionaere\\\/\\\">verantwortlichen Person<\\\/a> oder einem Mitglied des Vertrauens aus dem Vorstand gemeldet werden. Bei Verletzung der Vorgaben finden Gespr\\u00e4che mit den Verantwortlichen statt. Wiederholte Nichteinhaltung der Abmachungen kann zum Ausschluss aus dem Verein f\\u00fchren.<\\\/p>\\n\n\n<p>Bei Gelegenheit f\\u00fchrt der Verein f\\u00fcr seine Mitglieder und Eltern immer wieder Workshops durch, zuletzt zu den Themen \\\"Mobbing\\\" und \\\"Handy Sucht\\\". In den Trainings und club-internen Lehrg\\u00e4ngen ist immer auch <a href=\\\"https:\\\/\\\/www.coolandclean.ch\\\/\\\" target=\\\"_blank\\\" rel=\\\"noopener\\\">\\\"Cool&amp;Clean\\\"<\\\/a> ein Programmpunkt!<\\\/p>\"}},{\"type\":\"headline\",\"props\":{\"title_element\":\"h1\",\"title_style\":\"h2\",\"title_decoration\":\"\",\"title_font_family\":\"secondary\",\"title_color\":\"\",\"position\":\"\",\"position_z_index\":\"\",\"margin\":\"\",\"maxwidth\":\"\",\"maxwidth_breakpoint\":\"\",\"block_align\":\"\",\"block_align_breakpoint\":\"\",\"block_align_fallback\":\"\",\"text_align\":\"\",\"text_align_breakpoint\":\"\",\"text_align_fallback\":\"\",\"animation\":\"\",\"visibility\":\"\",\"content\":\"Integration\"}},{\"type\":\"text\",\"props\":{\"margin\":\"default\",\"column_breakpoint\":\"m\",\"text_style\":\"\",\"text_color\":\"\",\"text_size\":\"\",\"column\":\"\",\"position\":\"\",\"position_z_index\":\"\",\"maxwidth\":\"\",\"maxwidth_breakpoint\":\"\",\"block_align\":\"\",\"block_align_breakpoint\":\"\",\"block_align_fallback\":\"\",\"text_align\":\"\",\"text_align_breakpoint\":\"\",\"text_align_fallback\":\"\",\"animation\":\"\",\"visibility\":\"\",\"content\":\"\n\n<p><img style=\\\"width: 445px; float: right; padding: 0px;\\\" src=\\\"\\\/wp-content\\\/uploads\\\/2024\\\/08\\\/Parkinson-Gruppe.jpg\\\" \\\/><\\\/p>\\n\n\n<p><img style=\\\"width: 250px; float: right; padding: 0px;\\\" src=\\\"\\\/wp-content\\\/uploads\\\/2024\\\/08\\\/Down-Syndrom.jpeg\\\" \\\/><\\\/p>\\n\n\n<p>Der TTC Rapid Luzern setzt sich f\\u00fcr die Gleichstellung und Inklusion aller Mitglieder ein. Das bedeutet Gleichbehandlung f\\u00fcr alle. Nationalit\\u00e4t, Alter, Geschlecht, sexuelle Orientierung, soziale Herkunft, religi\\u00f6se oder politische Ausrichtung, geistige oder k\\u00f6rperliche Beeintr\\u00e4chtigung auch durch Krankheiten wie Parkinson f\\u00fchren nicht zu Benachteiligung. Alle sind im Verein und in den Trainings willkommen!<\\\/p>\"}}]}]}]},{\"type\":\"section\",\"props\":{\"style\":\"default\",\"width\":\"\",\"vertical_align\":\"middle\",\"title_position\":\"top-left\",\"title_rotation\":\"left\",\"title_breakpoint\":\"xl\",\"image_position\":\"center-center\",\"text_color\":\"\",\"width_expand\":\"\",\"height\":\"\",\"padding\":\"\",\"header_transparent\":\"\",\"animation\":\"\",\"padding_remove_top\":true,\"padding_remove_bottom\":true},\"children\":[{\"type\":\"row\",\"props\":{\"layout\":\"1-1\",\"breakpoint\":\"m\",\"fixed_width\":\"large\",\"gutter\":\"\",\"width\":\"\",\"width_expand\":\"\",\"height\":\"\",\"margin\":\"\"},\"children\":[{\"type\":\"column\",\"props\":{\"widths\":[\"1-1\"],\"image_position\":\"center-center\",\"media_overlay_gradient\":\"\",\"vertical_align\":\"\",\"style\":\"\",\"text_color\":\"\",\"padding\":\"\"},\"children\":[{\"type\":\"html\",\"props\":{\"content\":\"\n\n<div class=\\\"para\\\" style=\\\"background-image: url('\\\/wp-content\\\/uploads\\\/2022\\\/01\\\/BG-Fabienne.jpg'); background-repeat: no-repeat; width: 100%; height: 400px; background-attachment: fixed; background-position: center;\\\" uk-parallax=\\\"bgy: 50\\\"><\\\/div>\"}}]}]}]},{\"type\":\"section\",\"props\":{\"style\":\"default\",\"width\":\"default\",\"vertical_align\":\"middle\",\"title_position\":\"top-left\",\"title_rotation\":\"left\",\"title_breakpoint\":\"xl\",\"image_position\":\"center-center\",\"text_color\":\"\",\"width_expand\":\"\",\"height\":\"\",\"padding\":\"\",\"header_transparent\":\"\",\"animation\":\"\"},\"children\":[{\"type\":\"row\",\"props\":{\"layout\":\"1-1\",\"breakpoint\":\"m\",\"fixed_width\":\"large\",\"gutter\":\"\",\"width\":\"\",\"width_expand\":\"\",\"height\":\"\",\"margin\":\"\"},\"children\":[{\"type\":\"column\",\"props\":{\"widths\":[\"1-1\"],\"image_position\":\"center-center\",\"media_overlay_gradient\":\"\",\"vertical_align\":\"\",\"style\":\"\",\"text_color\":\"\",\"padding\":\"\"},\"children\":[{\"type\":\"slider\",\"props\":{\"show_title\":true,\"show_meta\":true,\"show_content\":true,\"show_link\":true,\"slider_width\":\"fixed\",\"slider_width_default\":\"1-1\",\"slider_width_medium\":\"1-4\",\"slider_min_height\":300,\"slider_gutter\":\"default\",\"slider_autoplay_pause\":true,\"nav\":\"\",\"nav_align\":\"center\",\"nav_breakpoint\":\"s\",\"slidenav\":\"outside\",\"slidenav_margin\":\"medium\",\"slidenav_breakpoint\":\"s\",\"slidenav_outside_breakpoint\":\"l\",\"overlay_mode\":\"cover\",\"overlay_position\":\"center\",\"overlay_transition\":\"fade\",\"title_element\":\"h3\",\"meta_style\":\"meta\",\"meta_align\":\"below-title\",\"link_text\":\"Read more\",\"link_style\":\"default\",\"text_align\":\"center\",\"margin\":\"default\",\"slider_height\":\"\",\"slider_width_small\":\"\",\"slider_width_large\":\"\",\"slider_width_xlarge\":\"\",\"nav_margin\":\"\",\"nav_color\":\"\",\"slidenav_color\":\"\",\"slidenav_outside_color\":\"\",\"overlay_style\":\"\",\"text_color\":\"\",\"overlay_padding\":\"\",\"overlay_margin\":\"\",\"overlay_maxwidth\":\"\",\"image_transition\":\"\",\"title_transition\":\"\",\"title_style\":\"\",\"title_decoration\":\"\",\"title_font_family\":\"\",\"title_color\":\"\",\"title_margin\":\"\",\"meta_transition\":\"\",\"meta_color\":\"\",\"meta_margin\":\"\",\"content_transition\":\"\",\"content_style\":\"\",\"content_margin\":\"\",\"link_type\":\"element\",\"link_transition\":\"\",\"link_size\":\"\",\"link_margin\":\"\",\"position\":\"\",\"position_z_index\":\"\",\"maxwidth\":\"\",\"maxwidth_breakpoint\":\"\",\"block_align\":\"\",\"block_align_breakpoint\":\"\",\"block_align_fallback\":\"\",\"text_align_breakpoint\":\"\",\"text_align_fallback\":\"\",\"animation\":\"\",\"visibility\":\"\",\"slider_sets\":true,\"slider_autoplay\":true,\"slider_velocity\":\"1.5\",\"slider_autoplay_interval\":\"4\",\"link_target\":true,\"slider_center\":false,\"margin_remove_top\":false,\"margin_remove_bottom\":false},\"children\":[{\"type\":\"slider_item\",\"props\":{\"text_color\":\"\",\"image\":\"wp-content\\\/uploads\\\/2022\\\/01\\\/Andro-Werbeplatte-scaled-e1641055419524.jpg\",\"link\":\"http:\\\/\\\/www.andro.de\"}},{\"type\":\"slider_item\",\"props\":{\"text_color\":\"\",\"image\":\"wp-content\\\/uploads\\\/2022\\\/01\\\/Arnet-Werbeplatte-scaled-e1641055605495.jpg\",\"link\":\"http:\\\/\\\/www.arnettreuhand.ch\\\/\"}},{\"type\":\"slider_item\",\"props\":{\"text_color\":\"\",\"image\":\"wp-content\\\/uploads\\\/2024\\\/11\\\/Luzerner-Bier-Werbeplatte-scaled-e1730557125366.jpg\",\"link\":\"https:\\\/\\\/brauerei.lu\\\/\"}},{\"type\":\"slider_item\",\"props\":{\"text_color\":\"\",\"image\":\"wp-content\\\/uploads\\\/2022\\\/01\\\/Substring-Werbeplatte-e1641060060489.jpg\",\"link\":\"http:\\\/\\\/www.substring.ch\\\/\"}},{\"type\":\"slider_item\",\"props\":{\"text_color\":\"\",\"image\":\"wp-content\\\/uploads\\\/2022\\\/01\\\/Klickwerkstatt-Werbeplatte-e1641060013998.jpg\",\"link\":\"http:\\\/\\\/www.klickwerkstatt.ch\\\/\"}},{\"type\":\"slider_item\",\"props\":{\"text_color\":\"\",\"image\":\"wp-content\\\/uploads\\\/2022\\\/01\\\/YourSmile-Werbeplatte-e1641060075618.png\",\"link\":\"https:\\\/\\\/www.yoursmile.ch\\\/\"}},{\"type\":\"slider_item\",\"props\":{\"text_color\":\"\",\"image\":\"wp-content\\\/uploads\\\/2022\\\/01\\\/Zingg-Werbeplatte-e1641060088312.jpg\"}},{\"type\":\"slider_item\",\"props\":{\"text_color\":\"\",\"image\":\"wp-content\\\/uploads\\\/2022\\\/01\\\/Hirslanden-Werbeplatte-scaled-e1641057195352.jpg\",\"link\":\"https:\\\/\\\/www.hirslanden.ch\\\/de\\\/klinik-st--anna\\\/home.html\"}},{\"type\":\"slider_item\",\"props\":{\"text_color\":\"\",\"image\":\"wp-content\\\/uploads\\\/2022\\\/01\\\/Jugend-und-Sport-scaled-e1641059987140.jpg\",\"link\":\"http:\\\/\\\/www.jugendundsport.ch\\\/\"}},{\"type\":\"slider_item\",\"props\":{\"text_color\":\"\",\"image\":\"wp-content\\\/uploads\\\/2022\\\/01\\\/Stadt-Luzern-KUS-e1641060044675.png\",\"link\":\"https:\\\/\\\/www.stadtluzern.ch\\\/dienstleistungeninformation\\\/92\"}},{\"type\":\"slider_item\",\"props\":{\"text_color\":\"\",\"image\":\"wp-content\\\/uploads\\\/2022\\\/01\\\/Sportfonds-Werbeplatte-e1641060029394.jpg\",\"link\":\"http:\\\/\\\/sport.lu.ch\\\/swisslos\"}}],\"name\":\"Slider Sponsoren\"}]}]}]}],\"version\":\"1.21.4\",\"props\":[]} --><\/p>\n","protected":false},"excerpt":{"rendered":"<p>Ethik, Pr\u00e4vention und Integration bei Rapid Luzern Ethik Der TTC Rapid Luzern h\u00e4lt sich an die Ethik-Charta von Swiss Olympic und hat diese auch in den Statuten verankert. Die Ethik-Charta [&hellip;]<\/p>\n","protected":false},"author":1,"featured_media":0,"parent":0,"menu_order":6,"comment_status":"closed","ping_status":"closed","template":"","meta":{"footnotes":""},"class_list":["post-2349","page","type-page","status-publish","hentry"],"yoast_head":"<!-- This site is optimized with the Yoast SEO plugin v26.8 - https:\/\/yoast.com\/product\/yoast-seo-wordpress\/ -->\n<title>Ethik, Pr\u00e4vention und Integration - Rapid Luzern<\/title>\n<meta name=\"description\" content=\"Ethik Pr\u00e4vention Integration Inklusion\" \/>\n<meta name=\"robots\" content=\"index, follow, max-snippet:-1, max-image-preview:large, max-video-preview:-1\" \/>\n<link rel=\"canonical\" href=\"https:\/\/www.rapidluzern.ch\/index.php\/praevention\/\" \/>\n<meta property=\"og:locale\" content=\"de_DE\" \/>\n<meta property=\"og:type\" content=\"article\" \/>\n<meta property=\"og:title\" content=\"Ethik, Pr\u00e4vention und Integration - Rapid Luzern\" \/>\n<meta property=\"og:description\" content=\"Ethik Pr\u00e4vention Integration Inklusion\" \/>\n<meta property=\"og:url\" content=\"https:\/\/www.rapidluzern.ch\/index.php\/praevention\/\" \/>\n<meta property=\"og:site_name\" content=\"Rapid Luzern\" \/>\n<meta property=\"article:modified_time\" content=\"2024-11-03T08:23:16+00:00\" \/>\n<meta name=\"twitter:card\" content=\"summary_large_image\" \/>\n<meta name=\"twitter:label1\" content=\"Gesch\u00e4tzte Lesezeit\" \/>\n\t<meta name=\"twitter:data1\" content=\"4\u00a0Minuten\" \/>\n<script type=\"application\/ld+json\" class=\"yoast-schema-graph\">{\"@context\":\"https:\/\/schema.org\",\"@graph\":[{\"@type\":\"WebPage\",\"@id\":\"https:\/\/www.rapidluzern.ch\/index.php\/praevention\/\",\"url\":\"https:\/\/www.rapidluzern.ch\/index.php\/praevention\/\",\"name\":\"Ethik, Pr\u00e4vention und Integration - Rapid Luzern\",\"isPartOf\":{\"@id\":\"https:\/\/www.rapidluzern.ch\/#website\"},\"datePublished\":\"2019-07-23T12:24:30+00:00\",\"dateModified\":\"2024-11-03T08:23:16+00:00\",\"description\":\"Ethik Pr\u00e4vention Integration Inklusion\",\"breadcrumb\":{\"@id\":\"https:\/\/www.rapidluzern.ch\/index.php\/praevention\/#breadcrumb\"},\"inLanguage\":\"de\",\"potentialAction\":[{\"@type\":\"ReadAction\",\"target\":[\"https:\/\/www.rapidluzern.ch\/index.php\/praevention\/\"]}]},{\"@type\":\"BreadcrumbList\",\"@id\":\"https:\/\/www.rapidluzern.ch\/index.php\/praevention\/#breadcrumb\",\"itemListElement\":[{\"@type\":\"ListItem\",\"position\":1,\"name\":\"Home\",\"item\":\"https:\/\/www.rapidluzern.ch\/\"},{\"@type\":\"ListItem\",\"position\":2,\"name\":\"Ethik, Pr\u00e4vention und Integration\"}]},{\"@type\":\"WebSite\",\"@id\":\"https:\/\/www.rapidluzern.ch\/#website\",\"url\":\"https:\/\/www.rapidluzern.ch\/\",\"name\":\"Rapid Luzern\",\"description\":\"Tischtennis Training und Wettkampf in Luzern\",\"potentialAction\":[{\"@type\":\"SearchAction\",\"target\":{\"@type\":\"EntryPoint\",\"urlTemplate\":\"https:\/\/www.rapidluzern.ch\/?s={search_term_string}\"},\"query-input\":{\"@type\":\"PropertyValueSpecification\",\"valueRequired\":true,\"valueName\":\"search_term_string\"}}],\"inLanguage\":\"de\"}]}<\/script>\n<!-- \/ Yoast SEO plugin. -->","yoast_head_json":{"title":"Ethik, Pr\u00e4vention und Integration - Rapid Luzern","description":"Ethik Pr\u00e4vention Integration Inklusion","robots":{"index":"index","follow":"follow","max-snippet":"max-snippet:-1","max-image-preview":"max-image-preview:large","max-video-preview":"max-video-preview:-1"},"canonical":"https:\/\/www.rapidluzern.ch\/index.php\/praevention\/","og_locale":"de_DE","og_type":"article","og_title":"Ethik, Pr\u00e4vention und Integration - Rapid Luzern","og_description":"Ethik Pr\u00e4vention Integration Inklusion","og_url":"https:\/\/www.rapidluzern.ch\/index.php\/praevention\/","og_site_name":"Rapid Luzern","article_modified_time":"2024-11-03T08:23:16+00:00","twitter_card":"summary_large_image","twitter_misc":{"Gesch\u00e4tzte Lesezeit":"4\u00a0Minuten"},"schema":{"@context":"https:\/\/schema.org","@graph":[{"@type":"WebPage","@id":"https:\/\/www.rapidluzern.ch\/index.php\/praevention\/","url":"https:\/\/www.rapidluzern.ch\/index.php\/praevention\/","name":"Ethik, Pr\u00e4vention und Integration - Rapid Luzern","isPartOf":{"@id":"https:\/\/www.rapidluzern.ch\/#website"},"datePublished":"2019-07-23T12:24:30+00:00","dateModified":"2024-11-03T08:23:16+00:00","description":"Ethik Pr\u00e4vention Integration Inklusion","breadcrumb":{"@id":"https:\/\/www.rapidluzern.ch\/index.php\/praevention\/#breadcrumb"},"inLanguage":"de","potentialAction":[{"@type":"ReadAction","target":["https:\/\/www.rapidluzern.ch\/index.php\/praevention\/"]}]},{"@type":"BreadcrumbList","@id":"https:\/\/www.rapidluzern.ch\/index.php\/praevention\/#breadcrumb","itemListElement":[{"@type":"ListItem","position":1,"name":"Home","item":"https:\/\/www.rapidluzern.ch\/"},{"@type":"ListItem","position":2,"name":"Ethik, Pr\u00e4vention und Integration"}]},{"@type":"WebSite","@id":"https:\/\/www.rapidluzern.ch\/#website","url":"https:\/\/www.rapidluzern.ch\/","name":"Rapid Luzern","description":"Tischtennis Training und Wettkampf in Luzern","potentialAction":[{"@type":"SearchAction","target":{"@type":"EntryPoint","urlTemplate":"https:\/\/www.rapidluzern.ch\/?s={search_term_string}"},"query-input":{"@type":"PropertyValueSpecification","valueRequired":true,"valueName":"search_term_string"}}],"inLanguage":"de"}]}},"jetpack_sharing_enabled":true,"_links":{"self":[{"href":"https:\/\/www.rapidluzern.ch\/index.php\/wp-json\/wp\/v2\/pages\/2349","targetHints":{"allow":["GET"]}}],"collection":[{"href":"https:\/\/www.rapidluzern.ch\/index.php\/wp-json\/wp\/v2\/pages"}],"about":[{"href":"https:\/\/www.rapidluzern.ch\/index.php\/wp-json\/wp\/v2\/types\/page"}],"author":[{"embeddable":true,"href":"https:\/\/www.rapidluzern.ch\/index.php\/wp-json\/wp\/v2\/users\/1"}],"replies":[{"embeddable":true,"href":"https:\/\/www.rapidluzern.ch\/index.php\/wp-json\/wp\/v2\/comments?post=2349"}],"version-history":[{"count":26,"href":"https:\/\/www.rapidluzern.ch\/index.php\/wp-json\/wp\/v2\/pages\/2349\/revisions"}],"predecessor-version":[{"id":2452,"href":"https:\/\/www.rapidluzern.ch\/index.php\/wp-json\/wp\/v2\/pages\/2349\/revisions\/2452"}],"wp:attachment":[{"href":"https:\/\/www.rapidluzern.ch\/index.php\/wp-json\/wp\/v2\/media?parent=2349"}],"curies":[{"name":"wp","href":"https:\/\/api.w.org\/{rel}","templated":true}]}}